{"id":36,"date":"2025-03-17T15:03:12","date_gmt":"2025-03-17T15:03:12","guid":{"rendered":"http:\/\/ic-servicios.com.ar\/newsite\/about-us\/"},"modified":"2025-03-18T00:50:29","modified_gmt":"2025-03-18T00:50:29","slug":"about-us","status":"publish","type":"page","link":"https:\/\/ic-servicios.com.ar\/newsite\/about-us\/","title":{"rendered":"Sobre Nosotros"},"content":{"rendered":"\n\n\n\n<h6><\/h6>\n\n\n<h2>Por que elegirnos ?<br><\/h2>\n\n\n\n\n<p>Uno de nuestros principales motivos de \u00e9xito es nuestra curiosidad y constante Investigaci\u00f3n y desarrollo de soluciones de vanguardia.<\/p>\n\n\n\n\n<p>La consultor\u00eda que brindamos permite que est\u00e9s siempre asesorado por nuestros mejores expertos y dispongas de informaci\u00f3n precisa para tomar decisiones.<\/p>\n\n\n\n\n<p>Protegemos tus bases de datos como el activo m\u00e1s valioso y a la vez m\u00e1s vulnerable.<br>Generamos r\u00e9plicas y configuraciones en alta disponibilidad.<\/p>\n\n\n\n\n\n\n<p>Nuestros clientes y los resultados obtenidos hablan por si solos.<br><br><\/p>\n\n\n\n\n<p>Monitoreamos el tr\u00e1fico y calidad de tus redes y la velocidad de respuesta con el fin de detectar anomal\u00edas que afecten la operaci\u00f3n.<br>Nos apoyamos en soluciones de Zabbix, Nagios, Fortinet, Cisco, HP, Aruba.<\/p>\n\n\n\n\n<p>Tenemos much\u00edsimos casos de \u00e9xito en nuestro haber con empresas de gran envergadura.<\/p>\n\n\n\n\n\n","protected":false},"excerpt":{"rendered":"","protected":false},"author":1,"featured_media":0,"parent":0,"menu_order":0,"comment_status":"closed","ping_status":"closed","template":"","meta":{"pagelayer_contact_templates":[],"_pagelayer_content":"","footnotes":""},"class_list":["post-36","page","type-page","status-publish","hentry"],"_links":{"self":[{"href":"https:\/\/ic-servicios.com.ar\/newsite\/wp-json\/wp\/v2\/pages\/36","targetHints":{"allow":["GET"]}}],"collection":[{"href":"https:\/\/ic-servicios.com.ar\/newsite\/wp-json\/wp\/v2\/pages"}],"about":[{"href":"https:\/\/ic-servicios.com.ar\/newsite\/wp-json\/wp\/v2\/types\/page"}],"author":[{"embeddable":true,"href":"https:\/\/ic-servicios.com.ar\/newsite\/wp-json\/wp\/v2\/users\/1"}],"replies":[{"embeddable":true,"href":"https:\/\/ic-servicios.com.ar\/newsite\/wp-json\/wp\/v2\/comments?post=36"}],"version-history":[{"count":3,"href":"https:\/\/ic-servicios.com.ar\/newsite\/wp-json\/wp\/v2\/pages\/36\/revisions"}],"predecessor-version":[{"id":92,"href":"https:\/\/ic-servicios.com.ar\/newsite\/wp-json\/wp\/v2\/pages\/36\/revisions\/92"}],"wp:attachment":[{"href":"https:\/\/ic-servicios.com.ar\/newsite\/wp-json\/wp\/v2\/media?parent=36"}],"curies":[{"name":"wp","href":"https:\/\/api.w.org\/{rel}","templated":true}]}}