{"id":39,"date":"2025-03-17T15:03:12","date_gmt":"2025-03-17T15:03:12","guid":{"rendered":"http:\/\/ic-servicios.com.ar\/newsite\/home\/"},"modified":"2025-06-24T19:49:32","modified_gmt":"2025-06-24T19:49:32","slug":"home","status":"publish","type":"page","link":"https:\/\/ic-servicios.com.ar\/newsite\/","title":{"rendered":"Bienvenidos"},"content":{"rendered":"\n\n\n\n<p>La informaci\u00f3n es lo mas valioso para una empresa, nos ocupamos de que siempre este a salvo<\/p>\n\n\n<p>Mantenemos la conectividad y todo el hardware relacionado con monitoreos activos y preventivos<\/p>\n\n\n<p>Desarrollamos software a medida de las necesidades de las empresas<\/p>\n\n\n\n\n<h6>INFRAESTRUCTURA<\/h6>\n\n\n<h2>Somos especialistas en brindar soluciones<\/h2>\n\n<p>Lorem Ipsum has been the industry&#8217;s standard dummy text ever since the 1500s.<\/p>\n\n\n\n\n\n\n\n<h6><\/h6>\n\n\n<h2>Manejamos Herramientas de Vanguardia<\/h2>\n\n\n<p><\/p>\n\n\n\nVirtualizaci\u00f3n: VMWARE\n\n\nRespaldo de Informaci\u00f3n: VEEAM\n\n\nServidores: Windows \/ Linux\n\n\n\n\n\n\n\n<h6><\/h6>\n\n\n<h2>Soluciones Remotas<\/h2>\n\n\n\n\n\n\n<p>Estamos preparados para resolver problemas atendiendo diferentes complejidades de incidentes (Nivel 1, 2 y 3)<br>Incidentes en desktops<br>Incidentes en servidores<br>Servidores Virtuales OnPrem<br>Servidores Virtuales Cloud<\/p>\n\n\n\n\n\n\n\n\n<p>Administramos servidores f\u00edsicos y virtuales.<br>Generamos reportes y alertas para evitar ataques, p\u00e9rdida de informaci\u00f3n y asegurar los resguardos<\/p>\n\n\n\n\n\n\n\n\n<p>La consultor\u00eda que brindamos permite que est\u00e9s siempre asesorado por nuestros mejores expertos y dispongas de informaci\u00f3n precisa para tomar decisiones<\/p>\n\n\n\n\n\n\n\n\n<p>Monitoreamos el tr\u00e1fico y calidad de tus redes y la velocidad de respuesta con el fin de detectar anomal\u00edas que afecten la operaci\u00f3n.<br>Nos apoyamos en soluciones de Zabbix, Nagios, Fortinet, Cisco, HP, Aruba<\/p>\n\n\n\n\n\n\n\n\n\n","protected":false},"excerpt":{"rendered":"","protected":false},"author":1,"featured_media":0,"parent":0,"menu_order":0,"comment_status":"closed","ping_status":"closed","template":"","meta":{"pagelayer_contact_templates":[],"_pagelayer_content":"","footnotes":""},"class_list":["post-39","page","type-page","status-publish","hentry"],"_links":{"self":[{"href":"https:\/\/ic-servicios.com.ar\/newsite\/wp-json\/wp\/v2\/pages\/39","targetHints":{"allow":["GET"]}}],"collection":[{"href":"https:\/\/ic-servicios.com.ar\/newsite\/wp-json\/wp\/v2\/pages"}],"about":[{"href":"https:\/\/ic-servicios.com.ar\/newsite\/wp-json\/wp\/v2\/types\/page"}],"author":[{"embeddable":true,"href":"https:\/\/ic-servicios.com.ar\/newsite\/wp-json\/wp\/v2\/users\/1"}],"replies":[{"embeddable":true,"href":"https:\/\/ic-servicios.com.ar\/newsite\/wp-json\/wp\/v2\/comments?post=39"}],"version-history":[{"count":17,"href":"https:\/\/ic-servicios.com.ar\/newsite\/wp-json\/wp\/v2\/pages\/39\/revisions"}],"predecessor-version":[{"id":101,"href":"https:\/\/ic-servicios.com.ar\/newsite\/wp-json\/wp\/v2\/pages\/39\/revisions\/101"}],"wp:attachment":[{"href":"https:\/\/ic-servicios.com.ar\/newsite\/wp-json\/wp\/v2\/media?parent=39"}],"curies":[{"name":"wp","href":"https:\/\/api.w.org\/{rel}","templated":true}]}}