{"id":40,"date":"2025-03-17T15:03:12","date_gmt":"2025-03-17T15:03:12","guid":{"rendered":"http:\/\/ic-servicios.com.ar\/newsite\/services\/"},"modified":"2025-03-18T00:43:47","modified_gmt":"2025-03-18T00:43:47","slug":"services","status":"publish","type":"page","link":"https:\/\/ic-servicios.com.ar\/newsite\/services\/","title":{"rendered":"Nuestros Servicios"},"content":{"rendered":"\n\n\n\n<h6><\/h6>\n\n\n<h2>Proveemos Soluciones y Servicios<\/h2>\n\n\n\n<p>Administracion, gestion y mantenimiento de servidores y soluciones On Premise<\/p>\n\n\n<p>Administracion, gestion y mantenimiento de servidores y soluciones Cloud<\/p>\n\n\n<p>Nos ocupamos de lo mas importante, velar por la integridad y seguridad de la informacion<\/p>\n\n\n\n\n<p>Contamos en nuestro haber con una centena de proyectos implementados de manera exitosa<\/p>\n\n\n<p>Somos especialistas en varias soluciones de infraestructura, soporte tecnico y redes<\/p>\n\n\n<p>Brindamos soluciones de todos los tama\u00f1os para todo tipo de redes, cableadas, wifi, y mas<\/p>\n\n\n\n\n\n\n<h6><span style=\"color: rgb(255, 255, 255); font-size: 40px; letter-spacing: 2px; text-transform: capitalize;\">Nuestros valores y metodologias&nbsp;<\/span><\/h6>\n\n\n\n\n<p>Somos un grupo de profesionales, dedicados desde hace m\u00e1s de veinte a\u00f1os, al dise\u00f1o e implementaci\u00f3n de soluciones de infraestructura tecnol\u00f3gica y que cuenta con una oferta diversificada de software, hardware y servicios asociados, dirigidos a mejorar la gesti\u00f3n de las operaciones cr\u00edticas de negocios en empresas y otras organizaciones.<\/p>\n\n\n\n\n\n\n<p>Nos caracterizamos por la excelencia t\u00e9cnica, la probada experiencia en la resoluci\u00f3n de problemas complejos, la r\u00e1pida respuesta, flexibilidad para atender las necesidades de nuestros clientes, la responsabilidad y el compromiso con la satisfacci\u00f3n de dichas necesidades.&nbsp;<\/p>\n\n\n\n\n\n\n<p>Nuestros servicios est\u00e1n basados estrictamente en el profesionalismo y la calidad humana de nuestra gente. Estamos capacitados y tenemos las herramientas para atender sus necesidades de la manera m\u00e1s seria y profesional, garantizando un \u00e9xito seguro de nuestro servicio y la soluci\u00f3n inmediata a sus necesidades.<\/p>\n\n\n\n\n\n\n<p>Estamos a la altura de todas las necesidades que se presenten, tambien de los desafios que podemos desarrollar junto a nuestros clientes.<\/p>\nCreemos en la mejora continua, esta en nuestro ADN, es nuestra forma de vida!&nbsp;\n\n\n\n\n\n\n\n\n\n","protected":false},"excerpt":{"rendered":"","protected":false},"author":1,"featured_media":0,"parent":0,"menu_order":0,"comment_status":"closed","ping_status":"closed","template":"","meta":{"pagelayer_contact_templates":[],"_pagelayer_content":"","footnotes":""},"class_list":["post-40","page","type-page","status-publish","hentry"],"_links":{"self":[{"href":"https:\/\/ic-servicios.com.ar\/newsite\/wp-json\/wp\/v2\/pages\/40","targetHints":{"allow":["GET"]}}],"collection":[{"href":"https:\/\/ic-servicios.com.ar\/newsite\/wp-json\/wp\/v2\/pages"}],"about":[{"href":"https:\/\/ic-servicios.com.ar\/newsite\/wp-json\/wp\/v2\/types\/page"}],"author":[{"embeddable":true,"href":"https:\/\/ic-servicios.com.ar\/newsite\/wp-json\/wp\/v2\/users\/1"}],"replies":[{"embeddable":true,"href":"https:\/\/ic-servicios.com.ar\/newsite\/wp-json\/wp\/v2\/comments?post=40"}],"version-history":[{"count":9,"href":"https:\/\/ic-servicios.com.ar\/newsite\/wp-json\/wp\/v2\/pages\/40\/revisions"}],"predecessor-version":[{"id":89,"href":"https:\/\/ic-servicios.com.ar\/newsite\/wp-json\/wp\/v2\/pages\/40\/revisions\/89"}],"wp:attachment":[{"href":"https:\/\/ic-servicios.com.ar\/newsite\/wp-json\/wp\/v2\/media?parent=40"}],"curies":[{"name":"wp","href":"https:\/\/api.w.org\/{rel}","templated":true}]}}